{"id":324,"date":"2022-04-06T15:00:44","date_gmt":"2022-04-06T13:00:44","guid":{"rendered":"https:\/\/www.icf-coaching.org\/ilgunkurucuekincinovi\/contact-3\/"},"modified":"2025-06-14T15:45:00","modified_gmt":"2025-06-14T15:45:00","slug":"contact-3","status":"publish","type":"page","link":"https:\/\/www.icf-coaching.org\/ilgunkurucuekincinovi\/tr\/contact-3\/","title":{"rendered":"\u0130LET\u0130\u015e\u0130M"},"content":{"rendered":"","protected":false},"excerpt":{"rendered":"","protected":false},"author":1,"featured_media":0,"parent":0,"menu_order":4,"comment_status":"closed","ping_status":"closed","template":"","meta":[],"acf":[],"_links":{"self":[{"href":"https:\/\/www.icf-coaching.org\/ilgunkurucuekincinovi\/wp-json\/wp\/v2\/pages\/324"}],"collection":[{"href":"https:\/\/www.icf-coaching.org\/ilgunkurucuekincinovi\/wp-json\/wp\/v2\/pages"}],"about":[{"href":"https:\/\/www.icf-coaching.org\/ilgunkurucuekincinovi\/wp-json\/wp\/v2\/types\/page"}],"author":[{"embeddable":true,"href":"https:\/\/www.icf-coaching.org\/ilgunkurucuekincinovi\/wp-json\/wp\/v2\/users\/1"}],"replies":[{"embeddable":true,"href":"https:\/\/www.icf-coaching.org\/ilgunkurucuekincinovi\/wp-json\/wp\/v2\/comments?post=324"}],"version-history":[{"count":2,"href":"https:\/\/www.icf-coaching.org\/ilgunkurucuekincinovi\/wp-json\/wp\/v2\/pages\/324\/revisions"}],"predecessor-version":[{"id":342,"href":"https:\/\/www.icf-coaching.org\/ilgunkurucuekincinovi\/wp-json\/wp\/v2\/pages\/324\/revisions\/342"}],"wp:attachment":[{"href":"https:\/\/www.icf-coaching.org\/ilgunkurucuekincinovi\/wp-json\/wp\/v2\/media?parent=324"}],"curies":[{"name":"wp","href":"https:\/\/api.w.org\/{rel}","templated":true}]}}