{"id":330,"date":"2022-04-06T15:00:03","date_gmt":"2022-04-06T13:00:03","guid":{"rendered":"https:\/\/www.icf-coaching.org\/ilgunkurucuekincinovi\/novi-coaching-consultancy-2\/"},"modified":"2025-06-15T13:29:08","modified_gmt":"2025-06-15T13:29:08","slug":"novi-coaching-consultancy-2","status":"publish","type":"page","link":"https:\/\/www.icf-coaching.org\/ilgunkurucuekincinovi\/tr\/novi-coaching-consultancy-2\/","title":{"rendered":"NOV\u0130 KO\u00c7LUK &amp; DANI\u015eMANLIK"},"content":{"rendered":"","protected":false},"excerpt":{"rendered":"","protected":false},"author":1,"featured_media":0,"parent":0,"menu_order":2,"comment_status":"closed","ping_status":"closed","template":"templates\/page.php","meta":[],"acf":[],"_links":{"self":[{"href":"https:\/\/www.icf-coaching.org\/ilgunkurucuekincinovi\/wp-json\/wp\/v2\/pages\/330"}],"collection":[{"href":"https:\/\/www.icf-coaching.org\/ilgunkurucuekincinovi\/wp-json\/wp\/v2\/pages"}],"about":[{"href":"https:\/\/www.icf-coaching.org\/ilgunkurucuekincinovi\/wp-json\/wp\/v2\/types\/page"}],"author":[{"embeddable":true,"href":"https:\/\/www.icf-coaching.org\/ilgunkurucuekincinovi\/wp-json\/wp\/v2\/users\/1"}],"replies":[{"embeddable":true,"href":"https:\/\/www.icf-coaching.org\/ilgunkurucuekincinovi\/wp-json\/wp\/v2\/comments?post=330"}],"version-history":[{"count":3,"href":"https:\/\/www.icf-coaching.org\/ilgunkurucuekincinovi\/wp-json\/wp\/v2\/pages\/330\/revisions"}],"predecessor-version":[{"id":343,"href":"https:\/\/www.icf-coaching.org\/ilgunkurucuekincinovi\/wp-json\/wp\/v2\/pages\/330\/revisions\/343"}],"wp:attachment":[{"href":"https:\/\/www.icf-coaching.org\/ilgunkurucuekincinovi\/wp-json\/wp\/v2\/media?parent=330"}],"curies":[{"name":"wp","href":"https:\/\/api.w.org\/{rel}","templated":true}]}}