{"id":334,"date":"2022-04-06T14:59:46","date_gmt":"2022-04-06T12:59:46","guid":{"rendered":"https:\/\/www.icf-coaching.org\/ilgunkurucuekincinovi\/who-can-benefit-from-coaching-2\/"},"modified":"2025-06-14T15:44:33","modified_gmt":"2025-06-14T15:44:33","slug":"who-can-benefit-from-coaching-2","status":"publish","type":"page","link":"https:\/\/www.icf-coaching.org\/ilgunkurucuekincinovi\/tr\/who-can-benefit-from-coaching-2\/","title":{"rendered":"KO\u00c7LUK  NED\u0130R, K\u0130MLER KO\u00c7LUK ALAB\u0130L\u0130R?"},"content":{"rendered":"","protected":false},"excerpt":{"rendered":"","protected":false},"author":1,"featured_media":0,"parent":0,"menu_order":3,"comment_status":"closed","ping_status":"closed","template":"templates\/page.php","meta":[],"acf":[],"_links":{"self":[{"href":"https:\/\/www.icf-coaching.org\/ilgunkurucuekincinovi\/wp-json\/wp\/v2\/pages\/334"}],"collection":[{"href":"https:\/\/www.icf-coaching.org\/ilgunkurucuekincinovi\/wp-json\/wp\/v2\/pages"}],"about":[{"href":"https:\/\/www.icf-coaching.org\/ilgunkurucuekincinovi\/wp-json\/wp\/v2\/types\/page"}],"author":[{"embeddable":true,"href":"https:\/\/www.icf-coaching.org\/ilgunkurucuekincinovi\/wp-json\/wp\/v2\/users\/1"}],"replies":[{"embeddable":true,"href":"https:\/\/www.icf-coaching.org\/ilgunkurucuekincinovi\/wp-json\/wp\/v2\/comments?post=334"}],"version-history":[{"count":2,"href":"https:\/\/www.icf-coaching.org\/ilgunkurucuekincinovi\/wp-json\/wp\/v2\/pages\/334\/revisions"}],"predecessor-version":[{"id":341,"href":"https:\/\/www.icf-coaching.org\/ilgunkurucuekincinovi\/wp-json\/wp\/v2\/pages\/334\/revisions\/341"}],"wp:attachment":[{"href":"https:\/\/www.icf-coaching.org\/ilgunkurucuekincinovi\/wp-json\/wp\/v2\/media?parent=334"}],"curies":[{"name":"wp","href":"https:\/\/api.w.org\/{rel}","templated":true}]}}