{"id":351,"date":"2025-08-21T15:29:02","date_gmt":"2025-08-21T15:29:02","guid":{"rendered":"https:\/\/www.icf-coaching.org\/ilgunkurucuekincinovi\/novi-coaching-consultancy-2\/danismanlik-hizmetleri\/"},"modified":"2025-08-21T15:29:02","modified_gmt":"2025-08-21T15:29:02","slug":"danismanlik-hizmetleri","status":"publish","type":"page","link":"https:\/\/www.icf-coaching.org\/ilgunkurucuekincinovi\/tr\/novi-coaching-consultancy-2\/danismanlik-hizmetleri\/","title":{"rendered":"Dan\u0131\u015fmanl\u0131k Hizmetleri"},"content":{"rendered":"","protected":false},"excerpt":{"rendered":"","protected":false},"author":2631,"featured_media":0,"parent":330,"menu_order":0,"comment_status":"closed","ping_status":"closed","template":"templates\/page.php","meta":[],"acf":[],"_links":{"self":[{"href":"https:\/\/www.icf-coaching.org\/ilgunkurucuekincinovi\/wp-json\/wp\/v2\/pages\/351"}],"collection":[{"href":"https:\/\/www.icf-coaching.org\/ilgunkurucuekincinovi\/wp-json\/wp\/v2\/pages"}],"about":[{"href":"https:\/\/www.icf-coaching.org\/ilgunkurucuekincinovi\/wp-json\/wp\/v2\/types\/page"}],"author":[{"embeddable":true,"href":"https:\/\/www.icf-coaching.org\/ilgunkurucuekincinovi\/wp-json\/wp\/v2\/users\/2631"}],"replies":[{"embeddable":true,"href":"https:\/\/www.icf-coaching.org\/ilgunkurucuekincinovi\/wp-json\/wp\/v2\/comments?post=351"}],"version-history":[{"count":0,"href":"https:\/\/www.icf-coaching.org\/ilgunkurucuekincinovi\/wp-json\/wp\/v2\/pages\/351\/revisions"}],"up":[{"embeddable":true,"href":"https:\/\/www.icf-coaching.org\/ilgunkurucuekincinovi\/wp-json\/wp\/v2\/pages\/330"}],"wp:attachment":[{"href":"https:\/\/www.icf-coaching.org\/ilgunkurucuekincinovi\/wp-json\/wp\/v2\/media?parent=351"}],"curies":[{"name":"wp","href":"https:\/\/api.w.org\/{rel}","templated":true}]}}