{"id":342,"date":"2025-11-21T10:10:07","date_gmt":"2025-11-21T16:10:07","guid":{"rendered":"https:\/\/www.icf-coaching.org\/nilayardagokdag\/profile-2\/benim-hikayem\/"},"modified":"2025-12-01T14:43:51","modified_gmt":"2025-12-01T20:43:51","slug":"benim-hikayem","status":"publish","type":"page","link":"https:\/\/www.icf-coaching.org\/nilayardagokdag\/profile-2\/benim-hikayem\/","title":{"rendered":"Sa\u011fl\u0131k Ko\u00e7lu\u011funa Nas\u0131l Ba\u015flad\u0131m"},"content":{"rendered":"","protected":false},"excerpt":{"rendered":"","protected":false},"author":2299,"featured_media":0,"parent":224,"menu_order":1,"comment_status":"closed","ping_status":"closed","template":"templates\/page.php","meta":[],"acf":[],"_links":{"self":[{"href":"https:\/\/www.icf-coaching.org\/nilayardagokdag\/wp-json\/wp\/v2\/pages\/342"}],"collection":[{"href":"https:\/\/www.icf-coaching.org\/nilayardagokdag\/wp-json\/wp\/v2\/pages"}],"about":[{"href":"https:\/\/www.icf-coaching.org\/nilayardagokdag\/wp-json\/wp\/v2\/types\/page"}],"author":[{"embeddable":true,"href":"https:\/\/www.icf-coaching.org\/nilayardagokdag\/wp-json\/wp\/v2\/users\/2299"}],"replies":[{"embeddable":true,"href":"https:\/\/www.icf-coaching.org\/nilayardagokdag\/wp-json\/wp\/v2\/comments?post=342"}],"version-history":[{"count":3,"href":"https:\/\/www.icf-coaching.org\/nilayardagokdag\/wp-json\/wp\/v2\/pages\/342\/revisions"}],"predecessor-version":[{"id":431,"href":"https:\/\/www.icf-coaching.org\/nilayardagokdag\/wp-json\/wp\/v2\/pages\/342\/revisions\/431"}],"up":[{"embeddable":true,"href":"https:\/\/www.icf-coaching.org\/nilayardagokdag\/wp-json\/wp\/v2\/pages\/224"}],"wp:attachment":[{"href":"https:\/\/www.icf-coaching.org\/nilayardagokdag\/wp-json\/wp\/v2\/media?parent=342"}],"curies":[{"name":"wp","href":"https:\/\/api.w.org\/{rel}","templated":true}]}}