{"id":345,"date":"2025-11-21T10:12:34","date_gmt":"2025-11-21T16:12:34","guid":{"rendered":"https:\/\/www.icf-coaching.org\/nilayardagokdag\/services-2\/kocluk-yaklasimim\/"},"modified":"2025-11-27T12:51:35","modified_gmt":"2025-11-27T18:51:35","slug":"kocluk-yaklasimim","status":"publish","type":"page","link":"https:\/\/www.icf-coaching.org\/nilayardagokdag\/services-2\/kocluk-yaklasimim\/","title":{"rendered":"Ko\u00e7luk Yakla\u015f\u0131m\u0131m"},"content":{"rendered":"","protected":false},"excerpt":{"rendered":"","protected":false},"author":2299,"featured_media":0,"parent":226,"menu_order":2,"comment_status":"closed","ping_status":"closed","template":"templates\/page.php","meta":[],"acf":[],"_links":{"self":[{"href":"https:\/\/www.icf-coaching.org\/nilayardagokdag\/wp-json\/wp\/v2\/pages\/345"}],"collection":[{"href":"https:\/\/www.icf-coaching.org\/nilayardagokdag\/wp-json\/wp\/v2\/pages"}],"about":[{"href":"https:\/\/www.icf-coaching.org\/nilayardagokdag\/wp-json\/wp\/v2\/types\/page"}],"author":[{"embeddable":true,"href":"https:\/\/www.icf-coaching.org\/nilayardagokdag\/wp-json\/wp\/v2\/users\/2299"}],"replies":[{"embeddable":true,"href":"https:\/\/www.icf-coaching.org\/nilayardagokdag\/wp-json\/wp\/v2\/comments?post=345"}],"version-history":[{"count":1,"href":"https:\/\/www.icf-coaching.org\/nilayardagokdag\/wp-json\/wp\/v2\/pages\/345\/revisions"}],"predecessor-version":[{"id":400,"href":"https:\/\/www.icf-coaching.org\/nilayardagokdag\/wp-json\/wp\/v2\/pages\/345\/revisions\/400"}],"up":[{"embeddable":true,"href":"https:\/\/www.icf-coaching.org\/nilayardagokdag\/wp-json\/wp\/v2\/pages\/226"}],"wp:attachment":[{"href":"https:\/\/www.icf-coaching.org\/nilayardagokdag\/wp-json\/wp\/v2\/media?parent=345"}],"curies":[{"name":"wp","href":"https:\/\/api.w.org\/{rel}","templated":true}]}}