{"id":371,"date":"2025-11-21T14:26:35","date_gmt":"2025-11-21T20:26:35","guid":{"rendered":"https:\/\/www.icf-coaching.org\/nilayardagokdag\/news-events-2\/sukran-pratigi\/"},"modified":"2025-11-27T12:51:35","modified_gmt":"2025-11-27T18:51:35","slug":"sukran-pratigi","status":"publish","type":"page","link":"https:\/\/www.icf-coaching.org\/nilayardagokdag\/news-events-2\/sukran-pratigi\/","title":{"rendered":"\u015e\u00fckran Prati\u011fi"},"content":{"rendered":"","protected":false},"excerpt":{"rendered":"","protected":false},"author":2299,"featured_media":0,"parent":220,"menu_order":1,"comment_status":"closed","ping_status":"closed","template":"templates\/page.php","meta":[],"acf":[],"_links":{"self":[{"href":"https:\/\/www.icf-coaching.org\/nilayardagokdag\/wp-json\/wp\/v2\/pages\/371"}],"collection":[{"href":"https:\/\/www.icf-coaching.org\/nilayardagokdag\/wp-json\/wp\/v2\/pages"}],"about":[{"href":"https:\/\/www.icf-coaching.org\/nilayardagokdag\/wp-json\/wp\/v2\/types\/page"}],"author":[{"embeddable":true,"href":"https:\/\/www.icf-coaching.org\/nilayardagokdag\/wp-json\/wp\/v2\/users\/2299"}],"replies":[{"embeddable":true,"href":"https:\/\/www.icf-coaching.org\/nilayardagokdag\/wp-json\/wp\/v2\/comments?post=371"}],"version-history":[{"count":1,"href":"https:\/\/www.icf-coaching.org\/nilayardagokdag\/wp-json\/wp\/v2\/pages\/371\/revisions"}],"predecessor-version":[{"id":403,"href":"https:\/\/www.icf-coaching.org\/nilayardagokdag\/wp-json\/wp\/v2\/pages\/371\/revisions\/403"}],"up":[{"embeddable":true,"href":"https:\/\/www.icf-coaching.org\/nilayardagokdag\/wp-json\/wp\/v2\/pages\/220"}],"wp:attachment":[{"href":"https:\/\/www.icf-coaching.org\/nilayardagokdag\/wp-json\/wp\/v2\/media?parent=371"}],"curies":[{"name":"wp","href":"https:\/\/api.w.org\/{rel}","templated":true}]}}