{"id":378,"date":"2025-11-24T14:02:05","date_gmt":"2025-11-24T20:02:05","guid":{"rendered":"https:\/\/www.icf-coaching.org\/nilayardagokdag\/services-2\/ben-permayi-nasil-yasiyorum\/"},"modified":"2025-11-27T12:51:35","modified_gmt":"2025-11-27T18:51:35","slug":"ben-permayi-nasil-yasiyorum","status":"publish","type":"page","link":"https:\/\/www.icf-coaching.org\/nilayardagokdag\/services-2\/ben-permayi-nasil-yasiyorum\/","title":{"rendered":"PERMA&#8217;y\u0131 Ben Nas\u0131l Ya\u015f\u0131yorum"},"content":{"rendered":"","protected":false},"excerpt":{"rendered":"","protected":false},"author":2299,"featured_media":0,"parent":226,"menu_order":5,"comment_status":"closed","ping_status":"closed","template":"templates\/page.php","meta":[],"acf":[],"_links":{"self":[{"href":"https:\/\/www.icf-coaching.org\/nilayardagokdag\/wp-json\/wp\/v2\/pages\/378"}],"collection":[{"href":"https:\/\/www.icf-coaching.org\/nilayardagokdag\/wp-json\/wp\/v2\/pages"}],"about":[{"href":"https:\/\/www.icf-coaching.org\/nilayardagokdag\/wp-json\/wp\/v2\/types\/page"}],"author":[{"embeddable":true,"href":"https:\/\/www.icf-coaching.org\/nilayardagokdag\/wp-json\/wp\/v2\/users\/2299"}],"replies":[{"embeddable":true,"href":"https:\/\/www.icf-coaching.org\/nilayardagokdag\/wp-json\/wp\/v2\/comments?post=378"}],"version-history":[{"count":1,"href":"https:\/\/www.icf-coaching.org\/nilayardagokdag\/wp-json\/wp\/v2\/pages\/378\/revisions"}],"predecessor-version":[{"id":379,"href":"https:\/\/www.icf-coaching.org\/nilayardagokdag\/wp-json\/wp\/v2\/pages\/378\/revisions\/379"}],"up":[{"embeddable":true,"href":"https:\/\/www.icf-coaching.org\/nilayardagokdag\/wp-json\/wp\/v2\/pages\/226"}],"wp:attachment":[{"href":"https:\/\/www.icf-coaching.org\/nilayardagokdag\/wp-json\/wp\/v2\/media?parent=378"}],"curies":[{"name":"wp","href":"https:\/\/api.w.org\/{rel}","templated":true}]}}